{"id":1369,"date":"2019-04-30T16:49:10","date_gmt":"2019-04-30T14:49:10","guid":{"rendered":"http:\/\/cirnef.normandie-univ.fr\/?page_id=1369"},"modified":"2025-05-14T11:05:02","modified_gmt":"2025-05-14T09:05:02","slug":"nathalie-dupont-2","status":"publish","type":"page","link":"https:\/\/cirnef.normandie-univ.fr\/?page_id=1369","title":{"rendered":"Nathalie DUPONT"},"content":{"rendered":"\n\n\t\t\t\t<img decoding=\"async\" src=\"http:\/\/cirnef.normandie-univ.fr\/wp-content\/uploads\/2019\/04\/avatarfemme.jpg\" alt=\"\" itemprop=\"image\" onerror=\"this.style.display='none'\"  \/>\n\t<h2>Identit\u00e9<\/h2>\n<h4>MCF Nathalie DUPONT<\/h4>\nAdresse :<br \/>\nUniversit\u00e9 de Caen Normandie<br \/>\nUFR des Sciences de l&rsquo;Homme et de la Soci\u00e9t\u00e9<br \/>\nEsplanade de la Paix &#8211; Campus 1 &#8211; MRSH<br \/>\n14032 CAEN CEDEX\nT\u00e9l : 0231566382<br \/>\nEmail : <a href=\"mailto:nathalie.dupont01@unicaen.fr\">nathalie.dupont01@unicaen.fr<\/a><br \/>\nCV :\n\t<h2>Mots-cl\u00e9s<\/h2>\n<blockquote><p>&nbsp;<\/p><\/blockquote>\n\t\t\t<a href=\"#\" id=\"fl-accordion--label-0\" tabindex=\"0\" aria-controls=\"fl-accordion--panel-0\">Pr\u00e9sentation<\/a>\n\t\t\t\t\t\t\t<a href=\"#\" id=\"fl-accordion--icon-0\" tabindex=\"0\" aria-controls=\"fl-accordion--panel-0\"><i>Collapse<\/i><\/a>\n\t\t<p>Chercheure au CIRNEF, Centre Interdisciplinaire de Recherche Normand en Education et Formation.<\/p>\n<p>Co-responsable \u00e0 Caen du th\u00e8me 1 EJAID, Enfants, Jeunes et Adultes en Interactions et Dialogue, CIRNEF.<\/p>\n<p>Responsable de la Licence 3 des sciences de l&rsquo;\u00e9ducation<\/p>\n<p>Membre du comit\u00e9 de r\u00e9daction de la revue\u00a0<em>Les Sciences de l&rsquo;\u00e9ducation Pour l&rsquo;\u00e8re nouvelle<\/em>.<\/p>\n<p><strong>Cursus de formation\u00a0<\/strong><\/p>\n<p>Institutrice puis professeur des \u00e9coles (1982 \u00e0 2003) (enseignement maternelle, primaire et enfance inadapt\u00e9e)<\/p>\n<p>Th\u00e8se: \u00ab\u00a0Les enjeux des pratiques culturelles\u00a0artistiques dans les apprentissages des jeunes et la formation des enseignants et des artistes\u00a0\u00bb sous la direction du professeur Alain Vergnioux, 2006.<\/p>\n\t<h1>Publications et Communications<\/h1>\n\t\t\t\t\t<a href=\"#\" id=\"fl-tabs--label-0\" data-index=\"0\" aria-selected=\"true\" aria-controls=\"fl-tabs--panel-0\" aria-expanded=\"true\" role=\"tab\" tabindex=\"0\">\t\t\t\tACL\t\t\t<\/a>\n\t\t\t\t\t<a href=\"#\" id=\"fl-tabs--label-1\" data-index=\"1\" aria-selected=\"false\" aria-controls=\"fl-tabs--panel-1\" aria-expanded=\"false\" role=\"tab\" tabindex=\"0\">\t\t\t\tACLN\t\t\t<\/a>\n\t\t\t\t\t<a href=\"#\" id=\"fl-tabs--label-2\" data-index=\"2\" aria-selected=\"false\" aria-controls=\"fl-tabs--panel-2\" aria-expanded=\"false\" role=\"tab\" tabindex=\"0\">\t\t\t\tASCL\t\t\t<\/a>\n\t\t\t\t\t<a href=\"#\" id=\"fl-tabs--label-3\" data-index=\"3\" aria-selected=\"false\" aria-controls=\"fl-tabs--panel-3\" aria-expanded=\"false\" role=\"tab\" tabindex=\"0\">\t\t\t\tOS\t\t\t<\/a>\n\t\t\t\t\t<a href=\"#\" id=\"fl-tabs--label-4\" data-index=\"4\" aria-selected=\"false\" aria-controls=\"fl-tabs--panel-4\" aria-expanded=\"false\" role=\"tab\" tabindex=\"0\">\t\t\t\tCOS\t\t\t<\/a>\n\t\t\t\t\t<a href=\"#\" id=\"fl-tabs--label-5\" data-index=\"5\" aria-selected=\"false\" aria-controls=\"fl-tabs--panel-5\" aria-expanded=\"false\" role=\"tab\" tabindex=\"0\">\t\t\t\tPT\t\t\t<\/a>\n\t\t\t\t\t<a href=\"#\" id=\"fl-tabs--label-6\" data-index=\"6\" aria-selected=\"false\" aria-controls=\"fl-tabs--panel-6\" aria-expanded=\"false\" role=\"tab\" tabindex=\"0\">\t\t\t\tBRE\t\t\t<\/a>\n\t\t\t\t\t<a href=\"#\" id=\"fl-tabs--label-7\" data-index=\"7\" aria-selected=\"false\" aria-controls=\"fl-tabs--panel-7\" aria-expanded=\"false\" role=\"tab\" tabindex=\"0\">\t\t\t\tC-INV\t\t\t<\/a>\n\t\t\t\t\t<a href=\"#\" id=\"fl-tabs--label-8\" data-index=\"8\" aria-selected=\"false\" aria-controls=\"fl-tabs--panel-8\" aria-expanded=\"false\" role=\"tab\" tabindex=\"0\">\t\t\t\tC-ACTI\t\t\t<\/a>\n\t\t\t\t\t<a href=\"#\" id=\"fl-tabs--label-9\" data-index=\"9\" aria-selected=\"false\" aria-controls=\"fl-tabs--panel-9\" aria-expanded=\"false\" role=\"tab\" tabindex=\"0\">\t\t\t\tC-ACTN\t\t\t<\/a>\n\t\t\t\t\t<a href=\"#\" id=\"fl-tabs--label-10\" data-index=\"10\" aria-selected=\"false\" aria-controls=\"fl-tabs--panel-10\" aria-expanded=\"false\" role=\"tab\" tabindex=\"0\">\t\t\t\tC-COM\t\t\t<\/a>\n\t\t\t\t\t<a href=\"#\" id=\"fl-tabs--label-11\" data-index=\"11\" aria-selected=\"false\" aria-controls=\"fl-tabs--panel-11\" aria-expanded=\"false\" role=\"tab\" tabindex=\"0\">\t\t\t\tC-AFF\t\t\t<\/a>\n\t\t\t\t\t<a href=\"#\" id=\"fl-tabs--label-12\" data-index=\"12\" aria-selected=\"false\" aria-controls=\"fl-tabs--panel-12\" aria-expanded=\"false\" role=\"tab\" tabindex=\"0\">\t\t\t\tDO\t\t\t<\/a>\n\t\t\t\t\t<a href=\"#\" id=\"fl-tabs--label-13\" data-index=\"13\" aria-selected=\"false\" aria-controls=\"fl-tabs--panel-13\" aria-expanded=\"false\" role=\"tab\" tabindex=\"0\">\t\t\t\tOR\t\t\t<\/a>\n\t\t\t\t\t<a href=\"#\" id=\"fl-tabs--label-14\" data-index=\"14\" aria-selected=\"false\" aria-controls=\"fl-tabs--panel-14\" aria-expanded=\"false\" role=\"tab\" tabindex=\"0\">\t\t\t\tPV\t\t\t<\/a>\n\t\t\t\t\t<a href=\"#\" id=\"fl-tabs--label-15\" data-index=\"15\" aria-selected=\"false\" aria-controls=\"fl-tabs--panel-15\" aria-expanded=\"false\" role=\"tab\" tabindex=\"0\">\t\t\t\tPAT\t\t\t<\/a>\n\t\t\t\t\t<a href=\"#\" id=\"fl-tabs--label-16\" data-index=\"16\" aria-selected=\"false\" aria-controls=\"fl-tabs--panel-16\" aria-expanded=\"false\" role=\"tab\" tabindex=\"0\">\t\t\t\tAP\t\t\t<\/a>\n\t\t\t\t\t<a href=\"#\" id=\"fl-tabs--label-17\" data-index=\"17\" aria-selected=\"false\" aria-controls=\"fl-tabs--panel-17\" aria-expanded=\"false\" role=\"tab\" tabindex=\"0\">\t\t\t\tTH\t\t\t<\/a>\n\t\t\t\tACL\n\t\t\t\t\t\t\t<p><strong>Articles dans des revues internationales ou nationales avec comit\u00e9 de lecture r\u00e9pertori\u00e9es par l&rsquo;HCERES ou dans les bases de donn\u00e9es internationales (ISI Web of Knowledge, Pub Med, Scopus&#8230;).<\/strong><\/p>\n<p>Dupont N. Jeunesse(s).\u00a0<em>Le T\u00e9l\u00e9maque,\u00a0<\/em>46\/2014, 21-34.<\/p>\n<p>Nathalie Dupont, Sothik Hok, \u00ab\u00a0Le module de formation\u00a0\u00a0<em>Biblioth\u00e8ques et livres pour enfants<\/em>\u00a0de l&rsquo;ONG SIPAR, au Cambodge. Quels enjeux ?\u00a0\u00bb,\u00a0<em>Revue internationale d&rsquo;\u00e9ducation de S\u00e8vres<\/em>, N\u00b058, d\u00e9cembre 2011.<\/p>\n<p>Dupont N., 2010. \u00ab\u00a0Les partenariats \u00e9coles \/ institutions culturelles : des passages entre cultures juv\u00e9niles, cultures artistiques et cultures scolaires ?\u00a0\u00bb,<em>\u00a0Les sciences de l&rsquo;\u00e9ducation. Pour l&rsquo;Ere nouvelle<\/em>, n\u00b0 4\/ 2010, p. 95-121.<\/p>\n<p>Dupont N,\u00a0 Peyronie H., \u00ab\u00a0Mani\u00e8res d&rsquo;\u00eatre aux \u00e9tudes\u00a0\u00bb,\u00a0<em>Les Sciences de l&rsquo;\u00e9ducation. Pour l&rsquo;Ere nouvelle,<\/em>\u00a0vol.42,\u00a0 n\u00b04\/2009, CERSE &#8211; Universit\u00e9 de Caen.<\/p>\n\t\t\t\tACLN\n\t\t\t\t\t\t\t<p><strong>Articles dans des revues avec comit\u00e9 de lecture non r\u00e9pertori\u00e9es par l&rsquo;HCERES ou dans des bases de donn\u00e9es internationales.<\/strong><\/p>\n<p>Nathalie Dupont , Acculturation professionnelle\u00a0des jeunes infirmiers : enjeux des relations interg\u00e9n\u00e9rationnelles<\/p>\n<p><em>Soins cadres<\/em>\u00a0&#8211; n\u00b0 101 &#8211; f\u00e9vrier 2017<\/p>\n<p>Nathalie Dupont, L&rsquo;\u00e9ducation artistique : des enjeux de formation globale et d&rsquo;\u00e9mancipation d&rsquo;un enfant-\u00e9l\u00e8ve apprenant, cr\u00e9ateur et citoyen,\u00a0<em>Spirale<\/em>\u00a0n\u00b056\/2015 [Les enjeux scolaires de l&rsquo;\u00e9ducation artistique]<\/p>\n<p>Dupont N., \u00a0Crispi V., \u00ab\u00a0Les relations de coop\u00e9ration entre adultes-enseignants et enfants-\u00e9l\u00e8ves\u00a0: questions d&rsquo;alt\u00e9rit\u00e9 et de partage des responsabilit\u00e9s \u00e9ducatives\u00a0\u00bb, CNAM &#8211; \u00a0<em>Biennale internationale de l&rsquo;\u00e9ducation, de la formation et des pratiques professionnelles<\/em>\u00a0&#8211; \u00a0juillet 2015 &#8211; [Coop\u00e9rer ?] &#8211; en ligne CNRS.<\/p>\n<p>Julie Delalande, Nathalie Dupont, Laurence Filisetti, \u00ab\u00a0Passages entre l&rsquo;enfant-\u00e9colier et le pr\u00e9adolescent-coll\u00e9gien : regards crois\u00e9s sur la transition du CM2 \u00e0 la sixi\u00e8me\u00a0\u00bb [Th\u00e8me Fronti\u00e8res des \u00e2ges, Enfance &amp; Cultures], Colloque international, Minist\u00e8re de la Culture et de la Communication &#8211; Association internationale des sociologues de langue fran\u00e7aise &#8211; Universit\u00e9 Paris Descartes, 9es Journ\u00e9es de sociologie de l&rsquo;enfance, Paris, 2011.\u00a0<a href=\"http:\/\/www.enfanceetcultures.culture.gouv.fr\/\">http:\/\/www.enfanceetcultures.culture.gouv.fr\/<\/a><\/p>\n\t\t\t\tASCL\n\t\t\t\t\t\t\t<p><strong>Articles dans des revues sans comit\u00e9 de lecture.<\/strong><\/p>\n\t\t\t\tOS\n\t\t\t\t\t\t\t<p><strong>Ouvrages scientifiques (y compris les \u00e9ditions critiques et les traductions scientifiques)<\/strong><\/p>\n<p>Nathalie Dupont, \u00ab\u00a0Des projets d&rsquo;action culturelle en tension \u00e0 une \u00e9ducation culturelle artistique fragile\u00a0: h\u00e9ritages de la p\u00e9riode 1956-1969.\u00a0<em>\u00bb,\u00a0<\/em><em>Formation, transformations des savoirs scolaires. Histoires crois\u00e9es des disciplines<\/em>,\u00a0<em>XIX\u00e8-XX\u00e8 si\u00e8cles,\u00a0<\/em>Presses Universitaires de Caen, 2016.<\/p>\n<p>Nathalie Dupont, \u00ab\u00a0Le partenariat en formation\u00a0: formes, m\u00e9canismes et enjeux\u00a0\u00bb, in Vergnioux A. (coord.),\u00a0<em>Trait\u00e9 d&rsquo;ing\u00e9nierie de la formation. Probl\u00e9matiques, orientations, m\u00e9thodes<\/em>, Paris\u00a0: L&rsquo;Harmattan, Savoir et formation, 2013, p.211-233.<\/p>\n<p>Nathalie Dupont<strong>,<\/strong>\u00a0\u00ab\u00a0Se v\u00eatir pour le coll\u00e8ge : les violences insidieuses du groupe des pairs, Colloque international \u00ab\u00a0Violences \u00e0 l&rsquo;Ecole : Normes et professionnalit\u00e9s en questions\u00a0\u00bb, 14 et 15 d\u00e9cembre 2011, Universit\u00e9 d&rsquo;Artois &#8211; Arras, \u00a0sous la dir. Carra C., Mabilon-Bonfils B., Education et formation, Artois Presses Universit\u00e9<\/p>\n\t\t\t\tCOS\n\t\t\t\t\t\t\t<p><strong>Chapitres d&rsquo;ouvrages scientifiques<\/strong><\/p>\n\t\t\t\tPT\n\t\t\t\t\t\t\t<p><strong>Publications de transfert.<\/strong><\/p>\n\t\t\t\tBRE\n\t\t\t\t\t\t\t<p><strong>Brevets<\/strong><\/p>\n\t\t\t\tC-INV\n\t\t\t\t\t\t\t<p><strong>Conf\u00e9rences donn\u00e9es \u00e0 l&rsquo;invitation du Comit\u00e9 d&rsquo;organisation dans un congr\u00e8s national ou international.<\/strong><\/p>\n\t\t\t\tC-ACTI\n\t\t\t\t\t\t\t<p><strong>Communications avec actes dans un congr\u00e8s international.<\/strong><\/p>\n\t\t\t\tC-ACTN\n\t\t\t\t\t\t\t<p><strong>Communications avec actes dans un congr\u00e8s national.<\/strong><\/p>\n\t\t\t\tC-COM\n\t\t\t\t\t\t\t<p><strong>Communications orales sans actes dans un congr\u00e8s international ou national.<\/strong><\/p>\n\t\t\t\tC-AFF\n\t\t\t\t\t\t\t<p><strong>Communications par affiche dans un congr\u00e8s international ou national.<\/strong><\/p>\n\t\t\t\tDO\n\t\t\t\t\t\t\t<p><strong>Directions d&rsquo;ouvrages ou de revues.<\/strong><\/p>\n<p><em>Les sciences de l&rsquo;\u00e9ducation. Pour l&rsquo;Ere nouvelle<\/em>, n\u00b0 4\/ 2010<\/p>\n<p>\u00ab\u00a0Les partenariats \u00e9ducatifs et culturels entre les institutions mus\u00e9ales et scolaires\u00a0\u00bb<\/p>\n\t\t\t\tOR\n\t\t\t\t\t\t\t<p><strong>Outils de recherche (bases de donn\u00e9es, corpus de recherche&#8230;).<\/strong><\/p>\n\t\t\t\tPV\n\t\t\t\t\t\t\t<p><strong>Publications de vulgarisation.<\/strong><\/p>\n\t\t\t\tPAT\n\t\t\t\t\t\t\t<p><strong>Productions artistiques th\u00e9oris\u00e9es (compositions musicales, cin\u00e9matographiques, expositions, installations&#8230;).<\/strong><\/p>\n\t\t\t\tAP\n\t\t\t\t\t\t\t<p><strong>Autres productions. Bases de donn\u00e9es, logiciels enregistr\u00e9s, comptes rendus d&rsquo;ouvrages, rapports de fouilles, guides techniques, catalogues d&rsquo;exposition, rapports interm\u00e9diaires de grands projets internationaux, etc.<\/strong><\/p>\n\t\t\t\tTH\n\t\t\t\t\t\t\t<p><strong>Th\u00e8ses de doctorat<\/strong><\/p>\n\t\t\t<a href=\"#\" id=\"fl-accordion--label-0\" tabindex=\"0\" aria-controls=\"fl-accordion--panel-0\">Programmes de recherche<\/a>\n\t\t\t\t\t\t\t<a href=\"#\" id=\"fl-accordion--icon-0\" tabindex=\"0\" aria-controls=\"fl-accordion--panel-0\"><i>Expand<\/i><\/a>\n\t\t\t<a href=\"#\" id=\"fl-accordion--label-1\" tabindex=\"0\" aria-controls=\"fl-accordion--panel-1\">Enseignements et Formations<\/a>\n\t\t\t\t\t\t\t<a href=\"#\" id=\"fl-accordion--icon-1\" tabindex=\"0\" aria-controls=\"fl-accordion--panel-1\"><i>Expand<\/i><\/a>\n\t\t\t<a href=\"#\" id=\"fl-accordion--label-2\" tabindex=\"0\" aria-controls=\"fl-accordion--panel-2\">Autres activit\u00e9s<\/a>\n\t\t\t\t\t\t\t<a href=\"#\" id=\"fl-accordion--icon-2\" tabindex=\"0\" aria-controls=\"fl-accordion--panel-2\"><i>Expand<\/i><\/a>\n\t\t<p>Chercheure au sein du th\u00e8me 1 EJAID (Enfants, Jeunes et Adultes en Interactions et Dialogue) laboratoire CIRNEF.<\/p>\n<p>Collaborations avec le Programme de R\u00e9ussite \u00c9ducative de la ville de Caen depuis 2013. Journ\u00e9es de formation des professionnels, missions d&rsquo;expertise et d&rsquo;\u00e9valuation du dispositif, accompagnement de la cr\u00e9ation et mise en \u0153uvre d&rsquo;outils d&rsquo;\u00e9valuation, recueil de donn\u00e9es aupr\u00e8s des professionnels.<\/p>\n<p>Membre de l&rsquo;\u00e9quipe du Master professionnel\u00a0<em>Education, mutations, formation\u00a0: ing\u00e9nierie et professionnalit\u00e9<\/em>\u00a0 en France et en Asie-Pacifique depuis 9 ans (Vietnam, Cambodge, Laos, Tha\u00eflande).\u00a0Collaborations professionnelles avec enseignants-chercheurs de l&rsquo;Universit\u00e9 de p\u00e9dagogie de Ho Chi Minh Ville.<\/p>\n<p>Collaborations depuis 2015 avec les\u00a0<strong>Comit\u00e9s d&rsquo;Entente des Formations Infirmi\u00e8res et Cadres<\/strong>\u00a0en France Normandie, Aquitaine, Oise et les Etablissements Hospitaliers du Nord Vaudois en Suisse pour des s\u00e9minaires professionnels, conf\u00e9rences et journ\u00e9es de formation sur\u00a0 la question des enjeux des relations interg\u00e9n\u00e9rationnelles\u00a0au travail\u00a0 \u00ab\u00a0Projet de vie et\u00a0 de acculturation professionnelle\u00a0des jeunes-\u00e9tudiants : enjeux des relations interg\u00e9n\u00e9rationnelles\u00a0\u00bb<\/p>\n\n","protected":false},"excerpt":{"rendered":"<p>Identit\u00e9 MCF Nathalie DUPONT Adresse : Universit\u00e9 de Caen Normandie UFR des Sciences de l&rsquo;Homme et de la Soci\u00e9t\u00e9 Esplanade de la Paix &#8211; Campus 1 &#8211; MRSH 14032 CAEN CEDEX T\u00e9l : 0231566382 Email : nathalie.dupont01@unicaen.fr CV : Mots-cl\u00e9s &nbsp; Pr\u00e9sentation Collapse Chercheure au CIRNEF, Centre Interdisciplinaire de Recherche Normand en Education et Formation. &hellip;<\/p>\n<p class=\"read-more\"> <a class=\"\" href=\"https:\/\/cirnef.normandie-univ.fr\/?page_id=1369\"> <span class=\"screen-reader-text\">Nathalie DUPONT<\/span> Lire la suite \u00bb<\/a><\/p>\n","protected":false},"author":19,"featured_media":0,"parent":0,"menu_order":0,"comment_status":"closed","ping_status":"closed","template":"","meta":{"site-sidebar-layout":"default","site-content-layout":"default","ast-global-header-display":"","ast-main-header-display":"","ast-hfb-above-header-display":"","ast-hfb-below-header-display":"","ast-hfb-mobile-header-display":"","site-post-title":"","ast-breadcrumbs-content":"","ast-featured-img":"","footer-sml-layout":"","theme-transparent-header-meta":"","adv-header-id-meta":"","stick-header-meta":"","header-above-stick-meta":"","header-main-stick-meta":"","header-below-stick-meta":"","footnotes":""},"coauthors":[],"class_list":["post-1369","page","type-page","status-publish","hentry"],"_links":{"self":[{"href":"https:\/\/cirnef.normandie-univ.fr\/index.php?rest_route=\/wp\/v2\/pages\/1369","targetHints":{"allow":["GET"]}}],"collection":[{"href":"https:\/\/cirnef.normandie-univ.fr\/index.php?rest_route=\/wp\/v2\/pages"}],"about":[{"href":"https:\/\/cirnef.normandie-univ.fr\/index.php?rest_route=\/wp\/v2\/types\/page"}],"author":[{"embeddable":true,"href":"https:\/\/cirnef.normandie-univ.fr\/index.php?rest_route=\/wp\/v2\/users\/19"}],"replies":[{"embeddable":true,"href":"https:\/\/cirnef.normandie-univ.fr\/index.php?rest_route=%2Fwp%2Fv2%2Fcomments&post=1369"}],"version-history":[{"count":1,"href":"https:\/\/cirnef.normandie-univ.fr\/index.php?rest_route=\/wp\/v2\/pages\/1369\/revisions"}],"predecessor-version":[{"id":7801,"href":"https:\/\/cirnef.normandie-univ.fr\/index.php?rest_route=\/wp\/v2\/pages\/1369\/revisions\/7801"}],"wp:attachment":[{"href":"https:\/\/cirnef.normandie-univ.fr\/index.php?rest_route=%2Fwp%2Fv2%2Fmedia&parent=1369"}],"wp:term":[{"taxonomy":"author","embeddable":true,"href":"https:\/\/cirnef.normandie-univ.fr\/index.php?rest_route=%2Fwp%2Fv2%2Fcoauthors&post=1369"}],"curies":[{"name":"wp","href":"https:\/\/api.w.org\/{rel}","templated":true}]}}