{"id":1365,"date":"2019-04-30T16:46:20","date_gmt":"2019-04-30T14:46:20","guid":{"rendered":"http:\/\/cirnef.normandie-univ.fr\/?page_id=1365"},"modified":"2026-03-27T11:25:53","modified_gmt":"2026-03-27T10:25:53","slug":"emilie-dubois-2","status":"publish","type":"page","link":"https:\/\/cirnef.normandie-univ.fr\/?page_id=1365","title":{"rendered":"Emilie DUBOIS"},"content":{"rendered":"\n\n\t\t\t\t<a href=\"https:\/\/cirnef.normandie-univ.fr\/wp-content\/uploads\/2019\/05\/dubois.jpg\" target=\"_self\" itemprop=\"url\">\n\t\t\t\t<img loading=\"lazy\" decoding=\"async\" src=\"https:\/\/cirnef.normandie-univ.fr\/wp-content\/uploads\/2019\/05\/dubois.jpg\" alt=\"dubois\" itemprop=\"image\" height=\"720\" width=\"1080\" title=\"dubois\" onerror=\"this.style.display='none'\"  \/>\n\t\t\t\t<\/a>\n\t<h2>Identit\u00e9<\/h2>\n<h4>MCF HDR Emilie DUBOIS<\/h4>\nUniversit\u00e9 de Rouen Normandie<br \/>\nUFR des Sciences de l&rsquo;Homme et de la Soci\u00e9t\u00e9<br \/>\nRue Lavoisier<br \/>\n76321 MONT SAINT AIGNAN CEDEX\n<p>Email : <a href=\"mailto:emilie.dubois@univ-rouen.fr\">emilie.dubois@univ-rouen.fr<\/a><\/p>\n\t<h2>Mots-cl\u00e9s<\/h2>\n<blockquote><p>Histoire des id\u00e9es p\u00e9dagogiques,  les \u00ab grands p\u00e9dagogues \u00bb ; les courants de la p\u00e9dagogie et leurs articulations ; les p\u00e9dagogies alternatives (Montessori, Reggio Emilia&#8230;) ; l&rsquo;\u00e9ducation pr\u00e9scolaire ; les rapports \u00e9cole-famille-ville et la co\u00e9ducation ; l&rsquo;innovation ; les pratiques artistiques \u00e0 l&rsquo;\u00e9cole.<\/p><\/blockquote>\n\t\t\t<a href=\"#\" id=\"fl-accordion--label-0\" tabindex=\"0\" aria-controls=\"fl-accordion--panel-0\">Pr\u00e9sentation<\/a>\n\t\t\t\t\t\t\t<a href=\"#\" id=\"fl-accordion--icon-0\" tabindex=\"0\" aria-controls=\"fl-accordion--panel-0\"><i>Collapse<\/i><\/a>\n\t\t<p>Je suis ma\u00eetre de conf\u00e9rences au d\u00e9partement des sciences de l&rsquo;\u00e9ducation depuis septembre 2012 et chercheur au laboratoire CIRNEF. Mes recherches s&rsquo;inscrivent principalement dans le domaine de l&rsquo;histoire des id\u00e9es p\u00e9dagogiques. Dans ma th\u00e8se, j&rsquo;ai pu \u00e9tudier et approfondir une p\u00e9dagogie alternative de la petite enfance nord italienne (la p\u00e9dagogie de Reggio Emilia) ; ce qui m&rsquo;a permis de travailler les questions : de la pratique de la d\u00e9mocratie \u00e0 l&rsquo;\u00e9cole, de l&rsquo;art \u00e0 l&rsquo;\u00e9cole, du rapport utopie et \u00e9ducation ou encore la question de la co\u00e9ducation (et du rapport \u00e9cole-famille). Depuis la th\u00e8se, j&rsquo;ai eu l&rsquo;opportunit\u00e9 d&rsquo;appr\u00e9hender d&rsquo;autres p\u00e9dagogies dites \u00ab\u00a0diff\u00e9rentes\u00a0\u00bb en particulier la p\u00e9dagogie Montessori. Depuis 2012, avec une \u00e9quipe de chercheurs du laboratoire, nous enqu\u00eatons \u00e9galement r\u00e9guli\u00e8rement sur les dynamiques \u00e9ducatives dans les municipalit\u00e9s de l&rsquo;agglom\u00e9ration rouennaise (liens scolaire \/ p\u00e9riscolaire \/ famille ; nouveaux rythmes scolaires ; aide aux devoirs ; accompagnement \u00e0 la scolarit\u00e9&#8230;). Nous r\u00e9fl\u00e9chissons \u00e0 la question de l&rsquo;innovation en p\u00e9dagogie, je m&rsquo;int\u00e9resse tout particuli\u00e8rement \u00e0 la mani\u00e8re dont les enfants s&rsquo;en saisissent.<\/p>\n<p>R\u00e9dactrice en chef de la revue <em>Penser l&rsquo;\u00e9ducation<\/em>.<\/p>\n<p>Membre du th\u00e8me : Savoirs, P\u00e9dagogies, Institutions, Didactiques (SPID)<\/p>\n<p>S\u00e9lection de publications :<\/p>\n<ul>\n<li>DUBOIS, E. (2021). La m\u00e9thode scientifique de Maria Montessori et la p\u00e9dagogie de Reggio Emilia : \u00e9l\u00e9ments de comparaison, <em>Education compar\u00e9e, 24<\/em>.<\/li>\n<li>LEROY, G., <strong><u>DUBOIS, E<\/u>.<\/strong> et DURLER, H. (2021). \u00ab Quelle libert\u00e9 de l&rsquo;enfant dans les classes Montessori ? Sociologie de la socialisation montessorienne en \u00e9coles priv\u00e9es \u00bb (pp. 229-247). Dans Fr\u00e9d\u00e9ric Darbellay, Zo\u00eb Moody et Maude Louviot (s. dir). <em>L&rsquo;\u00e9cole autrement ? Les p\u00e9dagogies alternatives en d\u00e9bat. <\/em>Neufch\u00e2tel, Suisse : \u00c9ditions Livreo-Alphil<\/li>\n<li> VERGNON, M., LESCOUARCH, L. et <strong><u>DUBOIS, E.<\/u><\/strong> (2021). \u00ab Innovation par la modularisation des enseignements au coll\u00e8ge : une variation de forme scolaire pour un meilleur accompagnement des apprentissages des \u00e9l\u00e8ves en France \u00bb (pp. ?), Dans Andreea Capitanescu Benetti et Caroline Letor, Suzanne Guillemette (s. dir). <em>Les nouvelles formes du travail scolaire. Changer l&rsquo;\u00e9cole pour la renforcer ?<\/em> Les Presses Universitaires de la M\u00e9diterran\u00e9e.<\/li>\n<li><strong><u>DUBOIS, E.,<\/u><\/strong> AHLERS VERGARA, G. et LESCOUARCH L. (2020). Paulo Freire : une pens\u00e9e, une inspiration pour une p\u00e9dagogie sociale \u00e9mancipatrice ? <em>Les dossiers des sciences de l&rsquo;\u00e9ducation, 44<\/em>, 31-47.<\/li>\n<li>DUBOIS, E. et LESCOUARCH, L. (2018). <a href=\"http:\/\/cirnef.normandie-univ.fr\/wp-content\/uploads\/2020\/11\/V-dubois-lescouarch.pdf\">Pratiques co\u00e9ducatives entre scolaire et p\u00e9riscolaire : \u00e9tude de cas. <\/a><em>Dossiers des sciences de l&rsquo;\u00e9ducation, 40<\/em>, 151-165.<\/li>\n<li>DUBOIS, E. (2016). <a href=\"http:\/\/cirnef.normandie-univ.fr\/wp-content\/uploads\/2020\/12\/Les-pratiques-artistiques-dans-les-institutions-de-la-prime-enfance-a\u0300-Reggio-Emilia-Italie.pdf\">Les pratiques artistiques dans les institutions de la prime enfance a\u0300 Reggio Emilia- Italie<\/a>. <em>Rassegna di pedagogia<\/em>, <em>LXXIV, <\/em>321- 336.<\/li>\n<li>DUBOIS, E. (2015). <em>La p\u00e9dagogie \u00e0 Reggio Emilia &#8211; la cit\u00e9 d&rsquo;or de Loris Malaguzzi.<\/em> Coll. P\u00e9dagogie : crises, m\u00e9moires, rep\u00e8res. Paris : L&rsquo;Harmattan (228p). <a href=\"https:\/\/www.editions-harmattan.fr\/index.asp?navig=catalogue&amp;obj=livre&amp;no=46333\">https:\/\/www.editions-harmattan.fr\/index.asp?navig=catalogue&amp;obj=livre&amp;no=46333<\/a><\/li>\n<li>DUBOIS, E. (2013). Reggio Emilia, Ville \u00c9ducative. La co-\u00e9ducation dans l&rsquo;approche pr\u00e9scolaire municipale.<a href=\"http:\/\/cirnef.normandie-univ.fr\/wp-content\/uploads\/2020\/12\/Reggio-Emilia-Ville-E\u0301ducative.-La-co-e\u0301ducation-dans-lapproche-pre\u0301scolaire-municipale.pdf\">Reggio Emilia, Ville E\u0301ducative. La co-e\u0301ducation dans l&rsquo;approche pre\u0301scolaire municipale<\/a>. <em>La revue internationale de l&rsquo;\u00e9ducation familiale<\/em>, <em>34<\/em>, 83-103.<\/li>\n<\/ul>\n\t<h1>Publications et Communications<\/h1>\n\t\t\t\t\t<a href=\"#\" id=\"fl-tabs--label-0\" data-index=\"0\" aria-selected=\"true\" aria-controls=\"fl-tabs--panel-0\" aria-expanded=\"true\" role=\"tab\" tabindex=\"0\">\t\t\t\tACL\t\t\t<\/a>\n\t\t\t\t\t<a href=\"#\" id=\"fl-tabs--label-1\" data-index=\"1\" aria-selected=\"false\" aria-controls=\"fl-tabs--panel-1\" aria-expanded=\"false\" role=\"tab\" tabindex=\"0\">\t\t\t\tACLN\t\t\t<\/a>\n\t\t\t\t\t<a href=\"#\" id=\"fl-tabs--label-2\" data-index=\"2\" aria-selected=\"false\" aria-controls=\"fl-tabs--panel-2\" aria-expanded=\"false\" role=\"tab\" tabindex=\"0\">\t\t\t\tASCL\t\t\t<\/a>\n\t\t\t\t\t<a href=\"#\" id=\"fl-tabs--label-3\" data-index=\"3\" aria-selected=\"false\" aria-controls=\"fl-tabs--panel-3\" aria-expanded=\"false\" role=\"tab\" tabindex=\"0\">\t\t\t\tOS\t\t\t<\/a>\n\t\t\t\t\t<a href=\"#\" id=\"fl-tabs--label-4\" data-index=\"4\" aria-selected=\"false\" aria-controls=\"fl-tabs--panel-4\" aria-expanded=\"false\" role=\"tab\" tabindex=\"0\">\t\t\t\tCOS\t\t\t<\/a>\n\t\t\t\t\t<a href=\"#\" id=\"fl-tabs--label-5\" data-index=\"5\" aria-selected=\"false\" aria-controls=\"fl-tabs--panel-5\" aria-expanded=\"false\" role=\"tab\" tabindex=\"0\">\t\t\t\tPT\t\t\t<\/a>\n\t\t\t\t\t<a href=\"#\" id=\"fl-tabs--label-6\" data-index=\"6\" aria-selected=\"false\" aria-controls=\"fl-tabs--panel-6\" aria-expanded=\"false\" role=\"tab\" tabindex=\"0\">\t\t\t\tBRE\t\t\t<\/a>\n\t\t\t\t\t<a href=\"#\" id=\"fl-tabs--label-7\" data-index=\"7\" aria-selected=\"false\" aria-controls=\"fl-tabs--panel-7\" aria-expanded=\"false\" role=\"tab\" tabindex=\"0\">\t\t\t\tC-INV\t\t\t<\/a>\n\t\t\t\t\t<a href=\"#\" id=\"fl-tabs--label-8\" data-index=\"8\" aria-selected=\"false\" aria-controls=\"fl-tabs--panel-8\" aria-expanded=\"false\" role=\"tab\" tabindex=\"0\">\t\t\t\tC-ACTI\t\t\t<\/a>\n\t\t\t\t\t<a href=\"#\" id=\"fl-tabs--label-9\" data-index=\"9\" aria-selected=\"false\" aria-controls=\"fl-tabs--panel-9\" aria-expanded=\"false\" role=\"tab\" tabindex=\"0\">\t\t\t\tC-ACTN\t\t\t<\/a>\n\t\t\t\t\t<a href=\"#\" id=\"fl-tabs--label-10\" data-index=\"10\" aria-selected=\"false\" aria-controls=\"fl-tabs--panel-10\" aria-expanded=\"false\" role=\"tab\" tabindex=\"0\">\t\t\t\tC-COM\t\t\t<\/a>\n\t\t\t\t\t<a href=\"#\" id=\"fl-tabs--label-11\" data-index=\"11\" aria-selected=\"false\" aria-controls=\"fl-tabs--panel-11\" aria-expanded=\"false\" role=\"tab\" tabindex=\"0\">\t\t\t\tC-AFF\t\t\t<\/a>\n\t\t\t\t\t<a href=\"#\" id=\"fl-tabs--label-12\" data-index=\"12\" aria-selected=\"false\" aria-controls=\"fl-tabs--panel-12\" aria-expanded=\"false\" role=\"tab\" tabindex=\"0\">\t\t\t\tDO\t\t\t<\/a>\n\t\t\t\t\t<a href=\"#\" id=\"fl-tabs--label-13\" data-index=\"13\" aria-selected=\"false\" aria-controls=\"fl-tabs--panel-13\" aria-expanded=\"false\" role=\"tab\" tabindex=\"0\">\t\t\t\tOR\t\t\t<\/a>\n\t\t\t\t\t<a href=\"#\" id=\"fl-tabs--label-14\" data-index=\"14\" aria-selected=\"false\" aria-controls=\"fl-tabs--panel-14\" aria-expanded=\"false\" role=\"tab\" tabindex=\"0\">\t\t\t\tPV\t\t\t<\/a>\n\t\t\t\t\t<a href=\"#\" id=\"fl-tabs--label-15\" data-index=\"15\" aria-selected=\"false\" aria-controls=\"fl-tabs--panel-15\" aria-expanded=\"false\" role=\"tab\" tabindex=\"0\">\t\t\t\tPAT\t\t\t<\/a>\n\t\t\t\t\t<a href=\"#\" id=\"fl-tabs--label-16\" data-index=\"16\" aria-selected=\"false\" aria-controls=\"fl-tabs--panel-16\" aria-expanded=\"false\" role=\"tab\" tabindex=\"0\">\t\t\t\tAP\t\t\t<\/a>\n\t\t\t\t\t<a href=\"#\" id=\"fl-tabs--label-17\" data-index=\"17\" aria-selected=\"false\" aria-controls=\"fl-tabs--panel-17\" aria-expanded=\"false\" role=\"tab\" tabindex=\"0\">\t\t\t\tTH\t\t\t<\/a>\n\t\t\t\tACL\n\t\t\t\t\t\t\t<p><strong>Articles dans des revues internationales ou nationales avec comit\u00e9 de lecture r\u00e9pertori\u00e9es par l&rsquo;HCERES ou dans les bases de donn\u00e9es internationales (ISI Web of Knowledge, Pub Med, Scopus&#8230;).<\/strong><\/p>\n<p>&#8211; VARI, J., DESVAGES-VASSELIN, V. et <strong><u>DUBOIS, E<\/u><\/strong>. (2022). Les apories des politiques inclusives. \u00c0 la recherche des pratiques p\u00e9dagogiques participatives : jouer pour se lib\u00e9rer des stigmates. <em>\u00c9ducation et socialisation [En ligne], 65. <\/em><\/p>\n<p>DOI : <a href=\"https:\/\/doi.org\/10.4000\/edso.21230\">https:\/\/doi.org\/10.4000\/edso.21230<\/a><\/p>\n<p>&#8211; DUBOIS, E. (2021). La m\u00e9thode scientifique de Maria Montessori et la p\u00e9dagogie de Reggio Emilia : \u00e9l\u00e9ments de comparaison, <em>Education compar\u00e9e, 24<\/em>.<\/p>\n<p>&#8211; <strong><u>DUBOIS, E.,<\/u><\/strong> AHLERS VERGARA, G. et LESCOUARCH L. (2020). Paulo Freire : une pens\u00e9e, une inspiration pour une p\u00e9dagogie sociale \u00e9mancipatrice ? <em>Les dossiers des sciences de l&rsquo;\u00e9ducation, 44<\/em>, 31-47.<\/p>\n<p>&#8211; DUBOIS, E. et LESCOUARCH, L. (2018). Pratiques co\u00e9ducatives entre scolaire et p\u00e9riscolaire : \u00e9tude de cas. <em>Dossiers des sciences de l&rsquo;\u00e9ducation, 40<\/em>, 151-165.<\/p>\n<p>DOI : <a href=\"https:\/\/doi-org.ezproxy.normandie-univ.fr\/10.4000\/dse.3151\">https:\/\/doi-org.ezproxy.normandie-univ.fr\/10.4000\/dse.3151<\/a><\/p>\n<p>&#8211; DUBOIS, E. (2016). Les pratiques artistiques dans les institutions de la prime enfance \u00e0 Reggio Emilia- Italie. <em>Rassegna di pedagogia<\/em>, <em>LXXIV, <\/em>321- 336.<\/p>\n<p>&#8211; DUBOIS, E. (2013). Reggio Emilia, Ville \u00c9ducative. La co-\u00e9ducation dans l&rsquo;approche pr\u00e9scolaire municipale, <em>La revue internationale de l&rsquo;\u00e9ducation familiale<\/em>, <em>34<\/em>, 83-103.<\/p>\n<p>DOI : <a href=\"https:\/\/doi-org.ezproxy.normandie-univ.fr\/10.3917\/rief.034.0083%20\">https:\/\/doi-org.ezproxy.normandie-univ.fr\/10.3917\/rief.034.0083 <\/a><\/p>\n<p>&#8211; DUBOIS E. (2012). Une utopie \u00e9ducative en \u00c9milie Romagne, <em>Le T\u00e9l\u00e9maque<\/em>, <em>41<\/em>, 151-161.<\/p>\n<p>DOI : <a href=\"https:\/\/doi-org.ezproxy.normandie-univ.fr\/10.3917\/tele.041.0151\">https:\/\/doi-org.ezproxy.normandie-univ.fr\/10.3917\/tele.041.0151<\/a><\/p>\n<p><strong>&#8211; <\/strong>DUBOIS E. (2011). Loris Malaguzzi (1920-1994) : un p\u00e9dagogue contemporain. <em>Recherches en \u00e9ducation<\/em>, <em>12, <\/em>110-120.<\/p>\n<p>DOI : <a href=\"https:\/\/doi-org.ezproxy.normandie-univ.fr\/10.4000\/ree.5140\">https:\/\/doi-org.ezproxy.normandie-univ.fr\/10.4000\/ree.5140<\/a><\/p>\n<p>&nbsp;<\/p>\n<p>&nbsp;<\/p>\n<p>&nbsp;<\/p>\n\t\t\t\tACLN\n\t\t\t\t\t\t\t<p><strong>Articles dans des revues avec comit\u00e9 de lecture non r\u00e9pertori\u00e9es par l&rsquo;HCERES ou dans des bases de donn\u00e9es internationales.<\/strong><\/p>\n<p>&nbsp;<\/p>\n<p>&#8211; DUBOIS, E. (2016). Les pratiques artistiques dans les institutions de la prime enfance \u00e0 Reggio Emilia- Italie. <em>Rassegna di pedagogia<\/em>, <em>LXXIV, <\/em>321- 336.<\/p>\n\t\t\t\tASCL\n\t\t\t\t\t\t\t<p><strong>Articles dans des revues sans comit\u00e9 de lecture.<\/strong><\/p>\n\t\t\t\tOS\n\t\t\t\t\t\t\t<p><strong>Ouvrages scientifiques (y compris les \u00e9ditions critiques et les traductions scientifiques)<\/strong><\/p>\n<p>&nbsp;<\/p>\n<p><strong>&#8211; <\/strong>DUBOIS, E. (2015). <em>La p\u00e9dagogie \u00e0 Reggio Emilia &#8211; la cit\u00e9 d&rsquo;or de Loris Malaguzzi.<\/em> Coll. P\u00e9dagogie : crises, m\u00e9moires, rep\u00e8res. Paris : L&rsquo;Harmattan (228p).<\/p>\n\t\t\t\tCOS\n\t\t\t\t\t\t\t<p><strong>Chapitres d&rsquo;ouvrages scientifiques<\/strong><\/p>\n<p>&#8211; VERGNON, M., LESCOUARCH, L. et <strong><u>DUBOIS, E.<\/u><\/strong> (2022). \u00ab Innovation par la modularisation des enseignements au coll\u00e8ge : une variation de forme scolaire pour un meilleur accompagnement des apprentissages des \u00e9l\u00e8ves en France \u00bb (pp. 57-70), Dans Andreea Capitanescu Benetti et Caroline Letor, Suzanne Guillemette (s. dir). <em>Les nouvelles formes du travail scolaire. Changer l&rsquo;\u00e9cole pour la renforcer ?<\/em> Montpellier : Presses Universitaires de la M\u00e9diterran\u00e9e.<\/p>\n<p>&nbsp;<\/p>\n<p>&#8211; LEROY, G., <strong><u>DUBOIS, E<\/u>.<\/strong> et DURLER, H. (2021). \u00ab Quelle libert\u00e9 de l&rsquo;enfant dans les classes Montessori ? Sociologie de la socialisation montessorienne en \u00e9coles priv\u00e9es \u00bb (pp. 229-247). Dans Fr\u00e9d\u00e9ric Darbellay, Zo\u00eb Moody et Maude Louviot (s. dir). <em>L&rsquo;\u00e9cole autrement ? Les p\u00e9dagogies alternatives en d\u00e9bat. <\/em>Neufch\u00e2tel, Suisse : \u00c9ditions Livreo-Alphil<\/p>\n<p>&#8211; VERGNON, M., LESCOUARCH, L. et <strong><u>DUBOIS, E.<\/u><\/strong> (2021). \u00ab Innovation par la modularisation des enseignements au coll\u00e8ge : une variation de forme scolaire pour un meilleur accompagnement des apprentissages des \u00e9l\u00e8ves en France \u00bb (pp. ?), Dans Andreea Capitanescu Benetti et Caroline Letor, Suzanne Guillemette (s. dir). <em>Les nouvelles formes du travail scolaire. Changer l&rsquo;\u00e9cole pour la renforcer ?<\/em> Les Presses Universitaires de la M\u00e9diterran\u00e9e.<\/p>\n\t\t\t\tPT\n\t\t\t\t\t\t\t<p><strong>Publications de transfert.<\/strong><\/p>\n\t\t\t\tBRE\n\t\t\t\t\t\t\t<p><strong>Brevets<\/strong><\/p>\n\t\t\t\tC-INV\n\t\t\t\t\t\t\t<p><strong>Conf\u00e9rences donn\u00e9es \u00e0 l&rsquo;invitation du Comit\u00e9 d&rsquo;organisation dans un congr\u00e8s national ou international.<\/strong><\/p>\n\t\t\t\tC-ACTI\n\t\t\t\t\t\t\t<p><strong>Communications avec actes dans un congr\u00e8s international.<\/strong><\/p>\n\t\t\t\tC-ACTN\n\t\t\t\t\t\t\t<p><strong>Communications avec actes dans un congr\u00e8s national.<\/strong><\/p>\n\t\t\t\tC-COM\n\t\t\t\t\t\t\t<p><strong>Communications orales sans actes dans un congr\u00e8s international ou national.<\/strong><\/p>\n\t\t\t\tC-AFF\n\t\t\t\t\t\t\t<p><strong>Communications par affiche dans un congr\u00e8s international ou national.<\/strong><\/p>\n\t\t\t\tDO\n\t\t\t\t\t\t\t<p><strong>Directions d&rsquo;ouvrages ou de revues.<\/strong><\/p>\n\t\t\t\tOR\n\t\t\t\t\t\t\t<p><strong>Outils de recherche (bases de donn\u00e9es, corpus de recherche&#8230;).<\/strong><\/p>\n\t\t\t\tPV\n\t\t\t\t\t\t\t<p><strong>Publications de vulgarisation.<\/strong><\/p>\n<p>&nbsp;<\/p>\n<p>&#8211; DUBOIS, E. (2019). L&rsquo;ambiance : ce qu&rsquo;en dit la p\u00e9dagogie de Reggio Emilia, Les m\u00e9tiers de la petite enfance&#8230;<\/p>\n<p>&#8211; DUBOIS, E. (2016). Documenter sa pratique \u00e9ducative : pour quoi faire ? Une analyse de la pratique de la documentation \u00e0 Reggio Emilia. <em>Revue [petite] enfance,<\/em> 120<\/p>\n<p>&#8211; DUBOIS E., LESCOUARCH L. et VERGNON M. (2013) \u00ab L&rsquo;accompagnement personnalis\u00e9 en lyc\u00e9e professionnel \u00bb. <em>Cahier d&rsquo;E\u0301ducation &amp; Devenir<\/em>, n\u00b018-19.<\/p>\n<p>&#8211; DUBOIS E., HOUSSAYE J. (2010). \u00ab Loris Malaguzzi \u00bb. <em>\u00c9ducateur ser<\/em>, Janvier.<\/p>\n<p>&#8211; DUBOIS E., HOUSSAYE J. (2008). \u00ab Loris Malaguzzi \u00bb. <em>Le Nouvel \u00e9ducateur <\/em>n\u00b0186, f\u00e9vrier.<\/p>\n\t\t\t\tPAT\n\t\t\t\t\t\t\t<p><strong>Productions artistiques th\u00e9oris\u00e9es (compositions musicales, cin\u00e9matographiques, expositions, installations&#8230;).<\/strong><\/p>\n\t\t\t\tAP\n\t\t\t\t\t\t\t<p><strong>Autres productions. Bases de donn\u00e9es, logiciels enregistr\u00e9s, comptes rendus d&rsquo;ouvrages, rapports de fouilles, guides techniques, catalogues d&rsquo;exposition, rapports interm\u00e9diaires de grands projets internationaux, etc.<\/strong><\/p>\n<p>&nbsp;<\/p>\n<p><strong>Recension d&rsquo;ouvrage scientifique<\/strong><\/p>\n<p>&#8211; DUBOIS, E. (2016). \u00ab Notes de lecture \u00bb, <em>Les Sciences de l&rsquo;\u00e9ducation &#8211; Pour l&rsquo;\u00c8re nouvelle<\/em>, <em>3<\/em> (Vol. 49), 99-113.<\/p>\n<p>Annick Delachanal Perriollat. <em>Un temps pour apprendre &#8211; Quand la parole ouvre l&rsquo;acc\u00e8s aux savoirs<\/em>. Issy-les-Moulineaux : ESF \u00e9diteur, 2015, 144 pages.<\/p>\n<p>&#8211; DUBOIS, E. (2019). Recensions, <em>Penser l&rsquo;\u00e9ducation, 45. <\/em><\/p>\n<p>Pardo, T. (2017). <em>Une \u00e9ducation sans \u00e9cole<\/em>, nouvelle \u00e9dition revue et augment\u00e9e, Qu\u00e9bec : les \u00e9ditions Ecosoci\u00e9t\u00e9.<\/p>\n<p>&nbsp;<\/p>\n<p><strong>Rapports de recherche <\/strong><\/p>\n<p>&#8211; ANNOOT, E. (s. dir), BOBINEAU, C., DAVERNE-BAILLY, C., DUBOIS, E., PIOT, T., VARI, J. (2018). Politiques, pratiques et dispositifs d&rsquo;aide \u00e0 la r\u00e9ussite pour les \u00e9tudiant.e.s des premiers cycles \u00e0 l&rsquo;universit\u00e9 : bilan et perspectives. Rapport remis au CNESCO.<\/p>\n<p>&#8211; LESCOUARCH, L., BOBINEAU, C., BESSE, J.-B., DUBOIS, E., OSMONT, E., VARI, J., (2016). <em>Apprentissages et collaborations dans le dispositif anim&rsquo;ecole &#8211; Analyse qualitative, <\/em>Rapport. Universit\u00e9 de Rouen, Civiic.<\/p>\n<p>&#8211; BAUTIER, E., BENHAYOUN, A.-M., BOULIN A., COMPEYRON, A., DAVERNE-BAILLY, C., DUBOIS, E., FREINET, C., GUIGUE, M., LESCOUARCH, L., LORCERIE, F., NAKHILI, N., PIRONE, F. (2015). <em>Qu&rsquo;est-ce qui soutient les \u00e9l\u00e8ves ? Dispositifs et mobilisations dans divers \u00e9tablissements secondaires<\/em>, GLASMAN, D., RAYOU, P. (s. Dir.), IFE, Centre Alain Savary.<\/p>\n<p>&nbsp;<\/p>\n<p>&nbsp;<\/p>\n\t\t\t\tTH\n\t\t\t\t\t\t\t<p><strong>Th\u00e8ses de doctorat<\/strong><\/p>\n\t\t\t<a href=\"#\" id=\"fl-accordion--label-0\" tabindex=\"0\" aria-controls=\"fl-accordion--panel-0\">Programmes de recherche<\/a>\n\t\t\t\t\t\t\t<a href=\"#\" id=\"fl-accordion--icon-0\" tabindex=\"0\" aria-controls=\"fl-accordion--panel-0\"><i>Expand<\/i><\/a>\n\t\t\t<a href=\"#\" id=\"fl-accordion--label-1\" tabindex=\"0\" aria-controls=\"fl-accordion--panel-1\">Enseignements et Formations<\/a>\n\t\t\t\t\t\t\t<a href=\"#\" id=\"fl-accordion--icon-1\" tabindex=\"0\" aria-controls=\"fl-accordion--panel-1\"><i>Expand<\/i><\/a>\n\t\t<p>Histoire des id\u00e9es \u00e9ducatives et p\u00e9dagogiques, Apprendre hors l&rsquo;\u00e9cole, Innovations en \u00e9ducation et en formation, Philosophie de l&rsquo;\u00e9ducation, Politiques \u00e9ducatives, \u00e9thique et p\u00e9dagogie, m\u00e9thodologie de la recherche<\/p>\n\t\t\t<a href=\"#\" id=\"fl-accordion--label-2\" tabindex=\"0\" aria-controls=\"fl-accordion--panel-2\">Autres activit\u00e9s<\/a>\n\t\t\t\t\t\t\t<a href=\"#\" id=\"fl-accordion--icon-2\" tabindex=\"0\" aria-controls=\"fl-accordion--panel-2\"><i>Expand<\/i><\/a>\n\t\t<p>Membre de la <a href=\"https:\/\/www.sofphied.org\/\">Sofphied<\/a><\/p>\n<p>Membre de l&rsquo;<a href=\"https:\/\/aecse.net\/\">AECSE<\/a><\/p>\n\n","protected":false},"excerpt":{"rendered":"<p>Identit\u00e9 MCF HDR Emilie DUBOIS Universit\u00e9 de Rouen Normandie UFR des Sciences de l&rsquo;Homme et de la Soci\u00e9t\u00e9 Rue Lavoisier 76321 MONT SAINT AIGNAN CEDEX Email : emilie.dubois@univ-rouen.fr Mots-cl\u00e9s Histoire des id\u00e9es p\u00e9dagogiques, les \u00ab grands p\u00e9dagogues \u00bb ; les courants de la p\u00e9dagogie et leurs articulations ; les p\u00e9dagogies alternatives (Montessori, Reggio Emilia&#8230;) ; &hellip;<\/p>\n<p class=\"read-more\"> <a class=\"\" href=\"https:\/\/cirnef.normandie-univ.fr\/?page_id=1365\"> <span class=\"screen-reader-text\">Emilie DUBOIS<\/span> Lire la suite \u00bb<\/a><\/p>\n","protected":false},"author":18,"featured_media":0,"parent":0,"menu_order":0,"comment_status":"closed","ping_status":"closed","template":"","meta":{"site-sidebar-layout":"default","site-content-layout":"default","ast-global-header-display":"","ast-main-header-display":"","ast-hfb-above-header-display":"","ast-hfb-below-header-display":"","ast-hfb-mobile-header-display":"","site-post-title":"","ast-breadcrumbs-content":"","ast-featured-img":"","footer-sml-layout":"","theme-transparent-header-meta":"default","adv-header-id-meta":"","stick-header-meta":"default","header-above-stick-meta":"","header-main-stick-meta":"","header-below-stick-meta":"","footnotes":""},"coauthors":[226],"class_list":["post-1365","page","type-page","status-publish","hentry"],"_links":{"self":[{"href":"https:\/\/cirnef.normandie-univ.fr\/index.php?rest_route=\/wp\/v2\/pages\/1365","targetHints":{"allow":["GET"]}}],"collection":[{"href":"https:\/\/cirnef.normandie-univ.fr\/index.php?rest_route=\/wp\/v2\/pages"}],"about":[{"href":"https:\/\/cirnef.normandie-univ.fr\/index.php?rest_route=\/wp\/v2\/types\/page"}],"author":[{"embeddable":true,"href":"https:\/\/cirnef.normandie-univ.fr\/index.php?rest_route=\/wp\/v2\/users\/18"}],"replies":[{"embeddable":true,"href":"https:\/\/cirnef.normandie-univ.fr\/index.php?rest_route=%2Fwp%2Fv2%2Fcomments&post=1365"}],"version-history":[{"count":4,"href":"https:\/\/cirnef.normandie-univ.fr\/index.php?rest_route=\/wp\/v2\/pages\/1365\/revisions"}],"predecessor-version":[{"id":8476,"href":"https:\/\/cirnef.normandie-univ.fr\/index.php?rest_route=\/wp\/v2\/pages\/1365\/revisions\/8476"}],"wp:attachment":[{"href":"https:\/\/cirnef.normandie-univ.fr\/index.php?rest_route=%2Fwp%2Fv2%2Fmedia&parent=1365"}],"wp:term":[{"taxonomy":"author","embeddable":true,"href":"https:\/\/cirnef.normandie-univ.fr\/index.php?rest_route=%2Fwp%2Fv2%2Fcoauthors&post=1365"}],"curies":[{"name":"wp","href":"https:\/\/api.w.org\/{rel}","templated":true}]}}