{"id":1362,"date":"2019-04-30T16:43:07","date_gmt":"2019-04-30T14:43:07","guid":{"rendered":"http:\/\/cirnef.normandie-univ.fr\/?page_id=1362"},"modified":"2025-05-12T11:32:58","modified_gmt":"2025-05-12T09:32:58","slug":"pascale-deneuve-2","status":"publish","type":"page","link":"https:\/\/cirnef.normandie-univ.fr\/?page_id=1362","title":{"rendered":"Pascale DENEUVE"},"content":{"rendered":"\n\n\t\t\t\t<img decoding=\"async\" src=\"http:\/\/cirnef.normandie-univ.fr\/wp-content\/uploads\/2019\/04\/avatarfemme.jpg\" alt=\"\" itemprop=\"image\" onerror=\"this.style.display='none'\"  \/>\n\t<h2>Identit\u00e9<\/h2>\n<h4>MCF Pascale DENEUVE<\/h4>\nAdresse :<br \/>\nUniversit\u00e9 de Rouen Normandie<br \/>\nESPE de Rouen<br \/>\n2 rue du Tronquet<br \/>\n76321 MONT SAINT AIGNAN CEDEX\nT\u00e9l :<br \/>\nEmail : <a href=\"mailto:pascale.deneuve@univ-rouen.fr\">pascale.deneuve@univ-rouen.fr<\/a><br \/>\nCV :\n\t<h2>Mots-cl\u00e9s<\/h2>\n<blockquote><p>Ecole maternelle, Motricit\u00e9, Inclusion scolaire, Relations Interpersonnelles<\/p><\/blockquote>\n\t\t\t<a href=\"#\" id=\"fl-accordion--label-0\" tabindex=\"0\" aria-controls=\"fl-accordion--panel-0\">Pr\u00e9sentation<\/a>\n\t\t\t\t\t\t\t<a href=\"#\" id=\"fl-accordion--icon-0\" tabindex=\"0\" aria-controls=\"fl-accordion--panel-0\"><i>Collapse<\/i><\/a>\n\t\t<p>&nbsp;<\/p>\n<p>Je suis Ma\u00eetre de conf\u00e9rences \u00e0 l&rsquo;Universit\u00e9 de Rouen Normandie \/ ESPE de l&rsquo;Acad\u00e9mie de Rouen et membre permanent du laboratoire Cirnef (Centre interdisciplinaire de recherche normand en \u00e9ducation et formation). Mes travaux s&rsquo;inscrivent dans le th\u00e8me 1 \u00ab Enfants, Jeunes et Adultes en Interactions et Dialogue \u00bb (EJAID). Je participe \u00e9galement au champ transversal \u00ab Sant\u00e9\/Handicap \u00bb \u00a0dans lequel se situe la plupart de mes travaux.<\/p>\n<p>Mes recherches s&rsquo;inscrivent dans le champ de la psychologie sociale et je m&rsquo;int\u00e9resse aux relations interpersonnelles et aux leviers didactiques et p\u00e9dagogiques en lien avec l&rsquo;inclusion en contexte scolaire. Mon attention se porte particuli\u00e8rement sur la motricit\u00e9 \u00e0 l&rsquo;\u00e9cole maternelle ce qui a donn\u00e9 lieu \u00e0 plusieurs publications.<\/p>\n<p><strong>Responsabilit\u00e9s<\/strong><\/p>\n<p><strong>&#8211;<\/strong><strong>2017 et 2018 : coresponsabilit\u00e9 du champ transversal du CIRNEF \u00ab sant\u00e9 et handicap \u00bb<\/strong><\/p>\n\t<h1>Publications et Communications<\/h1>\n\t\t\t\t\t<a href=\"#\" id=\"fl-tabs--label-0\" data-index=\"0\" aria-selected=\"true\" aria-controls=\"fl-tabs--panel-0\" aria-expanded=\"true\" role=\"tab\" tabindex=\"0\">\t\t\t\tACL\t\t\t<\/a>\n\t\t\t\t\t<a href=\"#\" id=\"fl-tabs--label-1\" data-index=\"1\" aria-selected=\"false\" aria-controls=\"fl-tabs--panel-1\" aria-expanded=\"false\" role=\"tab\" tabindex=\"0\">\t\t\t\tACLN\t\t\t<\/a>\n\t\t\t\t\t<a href=\"#\" id=\"fl-tabs--label-2\" data-index=\"2\" aria-selected=\"false\" aria-controls=\"fl-tabs--panel-2\" aria-expanded=\"false\" role=\"tab\" tabindex=\"0\">\t\t\t\tASCL\t\t\t<\/a>\n\t\t\t\t\t<a href=\"#\" id=\"fl-tabs--label-3\" data-index=\"3\" aria-selected=\"false\" aria-controls=\"fl-tabs--panel-3\" aria-expanded=\"false\" role=\"tab\" tabindex=\"0\">\t\t\t\tOS\t\t\t<\/a>\n\t\t\t\t\t<a href=\"#\" id=\"fl-tabs--label-4\" data-index=\"4\" aria-selected=\"false\" aria-controls=\"fl-tabs--panel-4\" aria-expanded=\"false\" role=\"tab\" tabindex=\"0\">\t\t\t\tCOS\t\t\t<\/a>\n\t\t\t\t\t<a href=\"#\" id=\"fl-tabs--label-5\" data-index=\"5\" aria-selected=\"false\" aria-controls=\"fl-tabs--panel-5\" aria-expanded=\"false\" role=\"tab\" tabindex=\"0\">\t\t\t\tPT\t\t\t<\/a>\n\t\t\t\t\t<a href=\"#\" id=\"fl-tabs--label-6\" data-index=\"6\" aria-selected=\"false\" aria-controls=\"fl-tabs--panel-6\" aria-expanded=\"false\" role=\"tab\" tabindex=\"0\">\t\t\t\tBRE\t\t\t<\/a>\n\t\t\t\t\t<a href=\"#\" id=\"fl-tabs--label-7\" data-index=\"7\" aria-selected=\"false\" aria-controls=\"fl-tabs--panel-7\" aria-expanded=\"false\" role=\"tab\" tabindex=\"0\">\t\t\t\tC-INV\t\t\t<\/a>\n\t\t\t\t\t<a href=\"#\" id=\"fl-tabs--label-8\" data-index=\"8\" aria-selected=\"false\" aria-controls=\"fl-tabs--panel-8\" aria-expanded=\"false\" role=\"tab\" tabindex=\"0\">\t\t\t\tC-ACTI\t\t\t<\/a>\n\t\t\t\t\t<a href=\"#\" id=\"fl-tabs--label-9\" data-index=\"9\" aria-selected=\"false\" aria-controls=\"fl-tabs--panel-9\" aria-expanded=\"false\" role=\"tab\" tabindex=\"0\">\t\t\t\tC-ACTN\t\t\t<\/a>\n\t\t\t\t\t<a href=\"#\" id=\"fl-tabs--label-10\" data-index=\"10\" aria-selected=\"false\" aria-controls=\"fl-tabs--panel-10\" aria-expanded=\"false\" role=\"tab\" tabindex=\"0\">\t\t\t\tC-COM\t\t\t<\/a>\n\t\t\t\t\t<a href=\"#\" id=\"fl-tabs--label-11\" data-index=\"11\" aria-selected=\"false\" aria-controls=\"fl-tabs--panel-11\" aria-expanded=\"false\" role=\"tab\" tabindex=\"0\">\t\t\t\tC-AFF\t\t\t<\/a>\n\t\t\t\t\t<a href=\"#\" id=\"fl-tabs--label-12\" data-index=\"12\" aria-selected=\"false\" aria-controls=\"fl-tabs--panel-12\" aria-expanded=\"false\" role=\"tab\" tabindex=\"0\">\t\t\t\tDO\t\t\t<\/a>\n\t\t\t\t\t<a href=\"#\" id=\"fl-tabs--label-13\" data-index=\"13\" aria-selected=\"false\" aria-controls=\"fl-tabs--panel-13\" aria-expanded=\"false\" role=\"tab\" tabindex=\"0\">\t\t\t\tOR\t\t\t<\/a>\n\t\t\t\t\t<a href=\"#\" id=\"fl-tabs--label-14\" data-index=\"14\" aria-selected=\"false\" aria-controls=\"fl-tabs--panel-14\" aria-expanded=\"false\" role=\"tab\" tabindex=\"0\">\t\t\t\tPV\t\t\t<\/a>\n\t\t\t\t\t<a href=\"#\" id=\"fl-tabs--label-15\" data-index=\"15\" aria-selected=\"false\" aria-controls=\"fl-tabs--panel-15\" aria-expanded=\"false\" role=\"tab\" tabindex=\"0\">\t\t\t\tPAT\t\t\t<\/a>\n\t\t\t\t\t<a href=\"#\" id=\"fl-tabs--label-16\" data-index=\"16\" aria-selected=\"false\" aria-controls=\"fl-tabs--panel-16\" aria-expanded=\"false\" role=\"tab\" tabindex=\"0\">\t\t\t\tAP\t\t\t<\/a>\n\t\t\t\t\t<a href=\"#\" id=\"fl-tabs--label-17\" data-index=\"17\" aria-selected=\"false\" aria-controls=\"fl-tabs--panel-17\" aria-expanded=\"false\" role=\"tab\" tabindex=\"0\">\t\t\t\tTH\t\t\t<\/a>\n\t\t\t\tACL\n\t\t\t\t\t\t\t<p><strong>Articles dans des revues internationales ou nationales avec comit\u00e9 de lecture r\u00e9pertori\u00e9es par l&rsquo;HCERES ou dans les bases de donn\u00e9es internationales (ISI Web of Knowledge, Pub Med, Scopus&#8230;).<\/strong><\/p>\n\n<ul>\n<li>Despois, J., Andr\u00e9, A.,\u00a0<strong>Deneuve, P.,<\/strong>\u00a0&amp; Louvet, B. (2016). Etude de la dynamique d&rsquo;interaction \u00ab\u00a0enseignant-\u00e9l\u00e8ve porteur de troubles du spectre autistique\u00a0\u00bb \u00e0 la maternelle.\u00a0<em>Spiral-E, 59<\/em>, 83-95.<\/li>\n<li>Andr\u00e9, A., <strong>Deneuve, P<\/strong>., Despois, J., &amp; Tant, B. (2016). Dynamique du syst\u00e8me d&rsquo;interaction enseignant\/\u00e9l\u00e8ve porteur de troubles du spectre de l&rsquo;autisme lors de deux activit\u00e9s \u00e0 l&rsquo;\u00e9cole maternelle. <i>Revue Fran\u00e7aise de P\u00e9dagogie, 196<\/i>, 101-115.<\/li>\n<li>Andr\u00e9, A., Bedoin, D.,\u00a0<strong>Deneuve, P<\/strong>., Guirimand, N., &amp; Janner-Raimondi, M. (2015). Effets de la politique inclusive \u00e0 l&rsquo;\u00e9cole maternelle fran\u00e7aise\u00a0: le moment de l&rsquo;accueil.\u00a0<em>Nouvelle Revue de l&rsquo;Adaptation et de la Scolarisation, 69,<\/em>\u00a059-71.<\/li>\n<li>Andr\u00e9, A., Louvet, B., &amp;\u00a0<strong>Deneuve, P.<\/strong>\u00a0(2013). Cooperative group, risk-taking and inclusion of pupils with learning disabilities in physical education.\u00a0<em>British<\/em><em>Educational Research Journal, 39(4)<\/em>, 677-693.<\/li>\n<li>Andr\u00e9, A., &amp;\u00a0<strong>Deneuve, P.<\/strong>\u00a0(2012). Influence de la comp\u00e9tition et de la coop\u00e9ration sur les relations intergroupes en Education Physique et Sportive.\u00a0<em>La Recherche en Education, 7<\/em>, 3-16.<\/li>\n<\/ul>\n<p><em>Contributions \u00e0 des ouvrages collectifs<\/em><\/p>\n<ul>\n<li>Andr\u00e9, A., Louvet, B., &amp;\u00a0<strong>Deneuve, P.<\/strong>\u00a0(2014). La citoyennet\u00e9\u00a0: entre \u00e9galit\u00e9 et diversit\u00e9. In A. Andr\u00e9 (dir.),\u00a0<em>la citoyennet\u00e9<\/em>\u00a0(pp. 25-41). Paris\u00a0: revue eps.<\/li>\n<\/ul>\n<p><em><strong>Articles dans des revues \u00e0 comit\u00e9 de lecture<\/strong><\/em><\/p>\n<ul>\n\n<\/ul>\n\t\t\t\tACLN\n\t\t\t\t\t\t\t<p><strong>Articles dans des revues avec comit\u00e9 de lecture non r\u00e9pertori\u00e9es par l&rsquo;HCERES ou dans des bases de donn\u00e9es internationales.<\/strong><\/p>\n\t\t\t\tASCL\n\t\t\t\t\t\t\t<p><strong>Articles dans des revues sans comit\u00e9 de lecture.<\/strong><\/p>\n\t\t\t\tOS\n\t\t\t\t\t\t\t<p><strong>Ouvrages scientifiques (y compris les \u00e9ditions critiques et les traductions scientifiques)<\/strong><\/p>\n\t\t\t\tCOS\n\t\t\t\t\t\t\t<p><strong>Chapitres d&rsquo;ouvrages scientifiques<\/strong><\/p>\n<p>&nbsp;<\/p>\n<p><strong>&#8211;<\/strong> Andr\u00e9, A.,\u00a0Louvet, B., &amp; <b>Deneuve, P.<\/b> (2014). La citoyennet\u00e9\u00a0: entre \u00e9galit\u00e9 et diversit\u00e9. In A. Andr\u00e9 (dir.),\u00a0<em>la citoyennet\u00e9<\/em>\u00a0(pp. 25-41). Paris\u00a0: revue eps.<\/p>\n\t\t\t\tPT\n\t\t\t\t\t\t\t<p><strong>Publications de transfert.<\/strong><\/p>\n\t\t\t\tBRE\n\t\t\t\t\t\t\t<p><strong>Brevets<\/strong><\/p>\n\t\t\t\tC-INV\n\t\t\t\t\t\t\t<p><strong>Conf\u00e9rences donn\u00e9es \u00e0 l&rsquo;invitation du Comit\u00e9 d&rsquo;organisation dans un congr\u00e8s national ou international.<\/strong><\/p>\n\t\t\t\tC-ACTI\n\t\t\t\t\t\t\t<p><strong>Communications avec actes dans un congr\u00e8s international.<\/strong><\/p>\n<p>&#8211; Andr\u00e9, A., &amp;<b> Deneuve, P. <\/b>(2009). Coop\u00e9ration en EPS et modification des relations affinitaires intergroupes. Congr\u00e8s international de psychologie du sport, Vincennes, 2-4 juillet 2009, pp.49-50.<\/p>\n\t\t\t\tC-ACTN\n\t\t\t\t\t\t\t<p><strong>Communications avec actes dans un congr\u00e8s national.<\/strong><\/p>\n\t\t\t\tC-COM\n\t\t\t\t\t\t\t<p><strong>Communications orales sans actes dans un congr\u00e8s international ou national.<\/strong><\/p>\n&#8211; Andr\u00e9, A.,<b> Deneuve, P.,<\/b> &amp; Despois, J. (2017). Evolution des profils d&rsquo;interaction enseignant \/ \u00e9l\u00e8ve autiste inclus \u00e0 l&rsquo;\u00e9cole maternelle lors de deux temps d&rsquo;apprentissage. Colloque international pluridisciplinaire \u00ab Qualit\u00e9 de vie \u00e0 l&rsquo;\u00e9cole \u00bb. Nantes, 1\u00b0 et 2 juin 2017.<br \/>\n&#8211;<b> Deneuve, P.,<\/b> et Despois, J. (2016). Engagement social d&rsquo;un \u00e9l\u00e8ve autiste inclus en s\u00e9ances de motricit\u00e9 \u00e0 l&rsquo;\u00e9cole maternelle et modalit\u00e9s d&rsquo;accueil. Congr\u00e8s international de l&rsquo;AFAPA (Association Francophone des Activit\u00e9s Physiques Adapt\u00e9es). Amiens, 12, 13 et 14 mai 2016.<br \/>\n&#8211; Andr\u00e9, A., &amp;<b> Deneuve, P.<\/b> (2014). Modalit\u00e9s d&rsquo;accueil et int\u00e9gration sociale des \u00e9l\u00e8ves en situation de handicap \u00e0 l&rsquo;\u00e9cole maternelle. Colloque Franco latino am\u00e9ricain sur le handicap. Paris, 10-11 juillet 2014.\n\t\t\t\tC-AFF\n\t\t\t\t\t\t\t<p><strong>Communications par affiche dans un congr\u00e8s international ou national.<\/strong><\/p>\n\t\t\t\tDO\n\t\t\t\t\t\t\t<p><strong>Directions d&rsquo;ouvrages ou de revues.<\/strong><\/p>\n\t\t\t\tOR\n\t\t\t\t\t\t\t<p><strong>Outils de recherche (bases de donn\u00e9es, corpus de recherche&#8230;).<\/strong><\/p>\n\t\t\t\tPV\n\t\t\t\t\t\t\t<p><strong>Publications de vulgarisation.<\/strong><\/p>\n\t\t\t\tPAT\n\t\t\t\t\t\t\t<p><strong>Productions artistiques th\u00e9oris\u00e9es (compositions musicales, cin\u00e9matographiques, expositions, installations&#8230;).<\/strong><\/p>\n\t\t\t\tAP\n\t\t\t\t\t\t\t<p><strong>Autres productions. Bases de donn\u00e9es, logiciels enregistr\u00e9s, comptes rendus d&rsquo;ouvrages, rapports de fouilles, guides techniques, catalogues d&rsquo;exposition, rapports interm\u00e9diaires de grands projets internationaux, etc.<\/strong><\/p>\n\t\t\t\tTH\n\t\t\t\t\t\t\t<p><strong>Th\u00e8ses de doctorat<\/strong><\/p>\n\t\t\t<a href=\"#\" id=\"fl-accordion--label-0\" tabindex=\"0\" aria-controls=\"fl-accordion--panel-0\">Programmes de recherche<\/a>\n\t\t\t\t\t\t\t<a href=\"#\" id=\"fl-accordion--icon-0\" tabindex=\"0\" aria-controls=\"fl-accordion--panel-0\"><i>Expand<\/i><\/a>\n\t\t<p><strong>&#8211; Je participe au<\/strong><strong> projet de recherche interdisciplinaire \u00ab Parcours inclusif du jeune enfant ayant un trouble du spectre autistique scolaris\u00e9 dans les Unit\u00e9s d&rsquo;Enseignement Maternelle : quelle articulation entre le milieu sp\u00e9cialis\u00e9 et le milieu ordinaire ?<\/strong> \u00bb. Ce projet a \u00e9t\u00e9 retenu dans le cadre de l&rsquo;appel \u00e0 projet \u00ab plan autisme 3 \u00bb lanc\u00e9 par l&rsquo;IReSP en 2017.<\/p>\n<p>Dur\u00e9e\u00a0: 2018-2021<\/p>\n<p>Financements: Caisse Nationale de Solidarit\u00e9 pour l&rsquo;Autonomie (CNSA).<\/p>\n<p>Partenaires\u00a0: CRFDP, RECIFES, CRAHN (Centre R\u00e9gional Autisme Haute Normandie), Rectorat de Rouen, Philippe Tremblay (Professeur en Sciences de l&rsquo;\u00e9ducation, Universit\u00e9 de Laval), GEACC (<em>Grupo de Etnometodologia e An\u00e1lise Conversacional da Clusividade social\u00a0; Universit\u00e9 de Lisbonne)<\/em><\/p>\n<p>&nbsp;<\/p>\n<p>&#8211; Je participe aussi au projet du Groupe de Recherche Interdisciplinaire \u00ab <strong>Ambition et ruralit\u00e9s en<\/strong> <strong>Normandie<\/strong> \u00bb.<\/p>\n<p>Dur\u00e9e\u00a0: 2018-2021<\/p>\n<p>Financements : ESPE de Rouen, Rectorat de Normandie .<\/p>\n<p>Partenaires\u00a0: Ce projet\u00a0 r\u00e9unit 19 enseignants-chercheurs des Universit\u00e9s de Rouen et de Caen.<\/p>\n<p>Laboratoires de Rouen ( LDAR, CRFDP, DYLIS, ERIAC, IDEES, CETAPS), Rectorat de Normandie (4 formateurs acad\u00e9miques, coll\u00e8ge de Gournay en Bray, Coll\u00e8ge de Fleury sur Andelle, circonscriptions de Neufchatel en Bray et de Val de Reuil).<\/p>\n<p>&nbsp;<\/p>\n<p><strong>&#8211; Dans le cadre de projets collectifs, pluridisciplinaires et inter-laboratoires, j&rsquo;ai particip\u00e9 <\/strong><strong>\u00e0 des <\/strong><strong>recherches financ\u00e9es par le Grand R\u00e9seau de Recherche (GRR) en Haute Normandie.<\/strong><\/p>\n<p><strong> De 2012 \u00e0 2015 <\/strong><strong>je me suis impliqu\u00e9e dans la recherche<\/strong><strong> \u00ab\u00a0Petite enfance et handicap\u00a0: accueil collectif et coordination institutionnelle\u00a0\u00bb, coordonn\u00e9e par Diane Bedoin, Nicolas Guirimand et Martine Janner-Raimondi. <\/strong><strong>Cette recherche a donn\u00e9 lieu \u00e0 la publication d&rsquo;un rapport et d&rsquo;articles scientifiques.<\/strong><\/p>\n\t\t\t<a href=\"#\" id=\"fl-accordion--label-1\" tabindex=\"0\" aria-controls=\"fl-accordion--panel-1\">Enseignements et Formations<\/a>\n\t\t\t\t\t\t\t<a href=\"#\" id=\"fl-accordion--icon-1\" tabindex=\"0\" aria-controls=\"fl-accordion--panel-1\"><i>Expand<\/i><\/a>\n\t\t<p><strong>Encadrement de la recherche<\/strong><\/p>\nM\u00e9moires de master 2<br \/>\nEncadrement de m\u00e9moires de master 2 (environ 12 par an) dans le cadre des formations master MEEF\n<p>&nbsp;<\/p>\n<p><strong>Principaux enseignements<\/strong><\/p>\n-Initiation \u00e0 la recherche<br \/>\nMaster MEEF \u00ab Enseigner dans le premier degr\u00e9 \u00bb : initiation \u00e0 la recherche, approfondissements th\u00e9oriques sur la th\u00e9matique de recherche (inclusion, relations interpersonnelles), m\u00e9thodologie de la recherche, recueil et traitement des donn\u00e9es et accompagnement collectif de m\u00e9moires de master. Niveaux M1 et M2 .<br \/>\n-Pr\u00e9paration aux concours d&rsquo;enseignement et aux certifications\u00a0:<br \/>\nPr\u00e9paration CRPE\u00a0: niveau M1 didactique de l&rsquo;EPS\n-Formation professionnelle et accompagnement \u00e0 la mise en situation professionnelle: niveau M2 p\u00e9dagogie de l&rsquo;EPS<br \/>\n&#8211; Accompagnement des stages\n<p>&nbsp;<\/p>\n\t\t\t<a href=\"#\" id=\"fl-accordion--label-2\" tabindex=\"0\" aria-controls=\"fl-accordion--panel-2\">Autres activit\u00e9s<\/a>\n\t\t\t\t\t\t\t<a href=\"#\" id=\"fl-accordion--icon-2\" tabindex=\"0\" aria-controls=\"fl-accordion--panel-2\"><i>Expand<\/i><\/a>\n\n","protected":false},"excerpt":{"rendered":"<p>Identit\u00e9 MCF Pascale DENEUVE Adresse : Universit\u00e9 de Rouen Normandie ESPE de Rouen 2 rue du Tronquet 76321 MONT SAINT AIGNAN CEDEX T\u00e9l : Email : pascale.deneuve@univ-rouen.fr CV : Mots-cl\u00e9s Ecole maternelle, Motricit\u00e9, Inclusion scolaire, Relations Interpersonnelles Pr\u00e9sentation Collapse &nbsp; Je suis Ma\u00eetre de conf\u00e9rences \u00e0 l&rsquo;Universit\u00e9 de Rouen Normandie \/ ESPE de l&rsquo;Acad\u00e9mie de &hellip;<\/p>\n<p class=\"read-more\"> <a class=\"\" href=\"https:\/\/cirnef.normandie-univ.fr\/?page_id=1362\"> <span class=\"screen-reader-text\">Pascale DENEUVE<\/span> Lire la suite \u00bb<\/a><\/p>\n","protected":false},"author":17,"featured_media":0,"parent":0,"menu_order":0,"comment_status":"closed","ping_status":"closed","template":"","meta":{"site-sidebar-layout":"default","site-content-layout":"default","ast-global-header-display":"","ast-main-header-display":"","ast-hfb-above-header-display":"","ast-hfb-below-header-display":"","ast-hfb-mobile-header-display":"","site-post-title":"","ast-breadcrumbs-content":"","ast-featured-img":"","footer-sml-layout":"","theme-transparent-header-meta":"default","adv-header-id-meta":"","stick-header-meta":"default","header-above-stick-meta":"","header-main-stick-meta":"","header-below-stick-meta":"","footnotes":""},"coauthors":[],"class_list":["post-1362","page","type-page","status-publish","hentry"],"_links":{"self":[{"href":"https:\/\/cirnef.normandie-univ.fr\/index.php?rest_route=\/wp\/v2\/pages\/1362","targetHints":{"allow":["GET"]}}],"collection":[{"href":"https:\/\/cirnef.normandie-univ.fr\/index.php?rest_route=\/wp\/v2\/pages"}],"about":[{"href":"https:\/\/cirnef.normandie-univ.fr\/index.php?rest_route=\/wp\/v2\/types\/page"}],"author":[{"embeddable":true,"href":"https:\/\/cirnef.normandie-univ.fr\/index.php?rest_route=\/wp\/v2\/users\/17"}],"replies":[{"embeddable":true,"href":"https:\/\/cirnef.normandie-univ.fr\/index.php?rest_route=%2Fwp%2Fv2%2Fcomments&post=1362"}],"version-history":[{"count":1,"href":"https:\/\/cirnef.normandie-univ.fr\/index.php?rest_route=\/wp\/v2\/pages\/1362\/revisions"}],"predecessor-version":[{"id":7737,"href":"https:\/\/cirnef.normandie-univ.fr\/index.php?rest_route=\/wp\/v2\/pages\/1362\/revisions\/7737"}],"wp:attachment":[{"href":"https:\/\/cirnef.normandie-univ.fr\/index.php?rest_route=%2Fwp%2Fv2%2Fmedia&parent=1362"}],"wp:term":[{"taxonomy":"author","embeddable":true,"href":"https:\/\/cirnef.normandie-univ.fr\/index.php?rest_route=%2Fwp%2Fv2%2Fcoauthors&post=1362"}],"curies":[{"name":"wp","href":"https:\/\/api.w.org\/{rel}","templated":true}]}}