{"id":1324,"date":"2019-04-30T14:46:12","date_gmt":"2019-04-30T12:46:12","guid":{"rendered":"http:\/\/cirnef.normandie-univ.fr\/?page_id=1324"},"modified":"2025-05-07T12:20:14","modified_gmt":"2025-05-07T10:20:14","slug":"philippe-brun","status":"publish","type":"page","link":"https:\/\/cirnef.normandie-univ.fr\/?page_id=1324","title":{"rendered":"Philippe BRUN"},"content":{"rendered":"\n\n\t\t\t\t<a href=\"https:\/\/cirnef.normandie-univ.fr\/wp-content\/uploads\/2022\/10\/philippe1.jpg\" target=\"_self\" itemprop=\"url\">\n\t\t\t\t<img loading=\"lazy\" decoding=\"async\" src=\"https:\/\/cirnef.normandie-univ.fr\/wp-content\/uploads\/2022\/10\/philippe1.jpg\" alt=\"philippe1\" itemprop=\"image\" height=\"704\" width=\"580\" title=\"philippe1\" onerror=\"this.style.display='none'\"  \/>\n\t\t\t\t<\/a>\n\t<h2>Identit\u00e9<\/h2>\n<h4>Pr Philippe BRUN<\/h4>\nAdresse :<br \/>\nUniversit\u00e9 de Rouen Normandie,<br \/>\nUFR des Sciences de l&rsquo;Homme et de la Soci\u00e9t\u00e9<br \/>\nPlace Emile Blondel<br \/>\n76821 MONT SAINT AIGNAN CEDEX\nT\u00e9l : 02 35 14 71 28<br \/>\nEmail : <a href=\"mailto:philippe.brun@univ-rouen.fr\">philippe.brun@univ-rouen.fr<\/a><br \/>\nListe des publications dans HAL : <a href=\"https:\/\/cv.hal.science\/philippe-brun\">Lien<\/a>\n<p>R\u00e9f\u00e9rent <a href=\"https:\/\/www.univ-rouen.fr\/vie-des-campus\/etudes-et-handicap\/\">Atypie Friendly<\/a> pour l&rsquo;URN<\/p>\n\t\t\t\t<img decoding=\"async\" src=\"http:\/\/cirnef.normandie-univ.fr\/wp-content\/uploads\/2025\/02\/FOND-TRANSPARENT-Logo-vertical-RVB-WEB.png\" alt=\"[FOND TRANSPARENT] Logo vertical RVB (WEB)\" itemprop=\"image\" title=\"[FOND TRANSPARENT] Logo vertical RVB (WEB)\" onerror=\"this.style.display='none'\"  \/>\n\t<h2>Mots-cl\u00e9s<\/h2>\n<p>\u00c9ducation \u00e9motionnelle<\/p>\n<p>Inclusion et co-\u00e9ducation d&rsquo;enfants et adolescents en situation de handicap<\/p>\n<p>Qualit\u00e9 de vie et bien-\u00eatre de l&rsquo;enfant et de sa famille<\/p>\n<p>&nbsp;<\/p>\n\t\t\t<a href=\"#\" id=\"fl-accordion--label-0\" tabindex=\"0\" aria-controls=\"fl-accordion--panel-0\">Pr\u00e9sentation<\/a>\n\t\t\t\t\t\t\t<a href=\"#\" id=\"fl-accordion--icon-0\" tabindex=\"0\" aria-controls=\"fl-accordion--panel-0\"><i>Collapse<\/i><\/a>\n\t\t<p>Psychologue (RPPS : 10009124271), Docteur en psychologie (Ecole Pratique des Hautes Etudes &#8211; Universit\u00e9 de Paris 8)<\/p>\nProfesseur des Universit\u00e9s en Psychologie du d\u00e9veloppement de l&rsquo;enfant<br \/>\nJe pratique une psychologie d&rsquo;inspiration Wallonienne \u00e0 la fois dans le domaine de la recherche mais \u00e9galement dans le domaine clinique. Je m&rsquo;int\u00e9resse tout particuli\u00e8rement \u00e0 l&rsquo;\u00e9ducation \u00e9motionnelle que les enfants et les adolescents re\u00e7oivent dans leurs premi\u00e8res niches de d\u00e9veloppement (famille, cr\u00e8ches, \u00e9coles, &#8230;). Je cherche \u00e0 comprendre comment les enfants d\u00e9couvrent que l&rsquo;activit\u00e9 \u00e9motionnelle s&rsquo;apprend, se partage et sert non seulement \u00e0 r\u00e9guler les conduites des autres personnes mais \u00e9galement leurs propres conduites. Dans cette perspective, l&rsquo;\u00e9ducation \u00e9motionnelle est une co-construction entre enfants et adultes et agit comme une v\u00e9ritable courroie de transmission des \u00e9tats \u00e9motionnels communautaires positifs et n\u00e9gatifs. J&rsquo;envisage l&rsquo;\u00e9ducation \u00e9motionnelle comme une cl\u00e9 d&rsquo;int\u00e9gration et contribue \u00e0 l&rsquo;inclusion de l&rsquo;enfant.\n<p>J&rsquo;interroge \u00e9galement le probl\u00e8me des dysfonctionnements de la r\u00e9gulation \u00e9motionnelle chez les familles concern\u00e9es par les situations de handicap (TSA, TDA\/H, retard du d\u00e9veloppement intellectuel). J&rsquo;ai d\u00e9velopp\u00e9 ces derni\u00e8res ann\u00e9es un mod\u00e8le de th\u00e9rapie \u00e9motionnelle, influenc\u00e9 par les travaux de Greenberg, Rogers, et Young, qui s&rsquo;adresse aux adolescents avec TSA.<\/p>\n<p>Je suis \u00e9galement le R\u00e9f\u00e9rent Atypie Friendly pour l&rsquo;Universit\u00e9 de Rouen Normandie.<\/p>\n\n","protected":false},"excerpt":{"rendered":"<p>Identit\u00e9 Pr Philippe BRUN Adresse : Universit\u00e9 de Rouen Normandie, UFR des Sciences de l&rsquo;Homme et de la Soci\u00e9t\u00e9 Place Emile Blondel 76821 MONT SAINT AIGNAN CEDEX T\u00e9l : 02 35 14 71 28 Email : philippe.brun@univ-rouen.fr Liste des publications dans HAL : Lien R\u00e9f\u00e9rent Atypie Friendly pour l&rsquo;URN Mots-cl\u00e9s \u00c9ducation \u00e9motionnelle Inclusion et co-\u00e9ducation &hellip;<\/p>\n<p class=\"read-more\"> <a class=\"\" href=\"https:\/\/cirnef.normandie-univ.fr\/?page_id=1324\"> <span class=\"screen-reader-text\">Philippe BRUN<\/span> Lire la suite \u00bb<\/a><\/p>\n","protected":false},"author":52,"featured_media":0,"parent":0,"menu_order":0,"comment_status":"closed","ping_status":"closed","template":"","meta":{"site-sidebar-layout":"default","site-content-layout":"default","ast-global-header-display":"","ast-main-header-display":"","ast-hfb-above-header-display":"","ast-hfb-below-header-display":"","ast-hfb-mobile-header-display":"","site-post-title":"","ast-breadcrumbs-content":"","ast-featured-img":"","footer-sml-layout":"","theme-transparent-header-meta":"default","adv-header-id-meta":"","stick-header-meta":"default","header-above-stick-meta":"","header-main-stick-meta":"","header-below-stick-meta":"","footnotes":""},"coauthors":[],"class_list":["post-1324","page","type-page","status-publish","hentry"],"_links":{"self":[{"href":"https:\/\/cirnef.normandie-univ.fr\/index.php?rest_route=\/wp\/v2\/pages\/1324","targetHints":{"allow":["GET"]}}],"collection":[{"href":"https:\/\/cirnef.normandie-univ.fr\/index.php?rest_route=\/wp\/v2\/pages"}],"about":[{"href":"https:\/\/cirnef.normandie-univ.fr\/index.php?rest_route=\/wp\/v2\/types\/page"}],"author":[{"embeddable":true,"href":"https:\/\/cirnef.normandie-univ.fr\/index.php?rest_route=\/wp\/v2\/users\/52"}],"replies":[{"embeddable":true,"href":"https:\/\/cirnef.normandie-univ.fr\/index.php?rest_route=%2Fwp%2Fv2%2Fcomments&post=1324"}],"version-history":[{"count":2,"href":"https:\/\/cirnef.normandie-univ.fr\/index.php?rest_route=\/wp\/v2\/pages\/1324\/revisions"}],"predecessor-version":[{"id":7728,"href":"https:\/\/cirnef.normandie-univ.fr\/index.php?rest_route=\/wp\/v2\/pages\/1324\/revisions\/7728"}],"wp:attachment":[{"href":"https:\/\/cirnef.normandie-univ.fr\/index.php?rest_route=%2Fwp%2Fv2%2Fmedia&parent=1324"}],"wp:term":[{"taxonomy":"author","embeddable":true,"href":"https:\/\/cirnef.normandie-univ.fr\/index.php?rest_route=%2Fwp%2Fv2%2Fcoauthors&post=1324"}],"curies":[{"name":"wp","href":"https:\/\/api.w.org\/{rel}","templated":true}]}}