{"id":11,"date":"2018-11-30T11:54:41","date_gmt":"2018-11-30T10:54:41","guid":{"rendered":"http:\/\/localhost\/cirnef_wp\/?page_id=6"},"modified":"2026-02-09T09:38:19","modified_gmt":"2026-02-09T08:38:19","slug":"presentation","status":"publish","type":"page","link":"https:\/\/cirnef.normandie-univ.fr\/?page_id=11","title":{"rendered":"Pr\u00e9sentation"},"content":{"rendered":"\n\n\t<h3><strong>Pr\u00e9sentation du laboratoire<\/strong><\/h3>\n<p>Le CIRNEF (Centre interdisciplinaire de Recherche Normand en Education et Formation) est une unit\u00e9 de recherche (UR 7454) en sciences de l&rsquo;\u00e9ducation (section 70 du CNU).<\/p>\n<p>Ce laboratoire est issu, au 1<sup>er<\/sup> janvier 2017, de la fusion du CERSE (Universit\u00e9 de Caen Normandie) et du CIVIIC (Universit\u00e9 de Rouen Normandie) : il est rattach\u00e9 \u00e0 la COMUE Normandie Universit\u00e9, \u00e0 l&rsquo;Ecole Doctorale Homme, Soci\u00e9t\u00e9s, Risques, Territoire (HSRT 556), \u00e0 l&rsquo;Universit\u00e9 de Caen Normandie et \u00e0 l&rsquo;Universit\u00e9 de Rouen Normandie.<\/p>\n<p>Il est implant\u00e9 sur deux sites\u00a0: l&rsquo;Universit\u00e9 de Caen Normandie et l&rsquo;Universit\u00e9 de Rouen Normandie.<\/p>\n<p>Le CIRNEF regroupe 50 enseignants-chercheurs (D\u00e9partements de sciences de l&rsquo;\u00e9ducation et INSPE), 60 doctorants et 60 associ\u00e9s.<\/p>\n<p>Il est structur\u00e9 en 4 th\u00e8mes\u00a0:<\/p>\n<ul>\n<li><a href=\"http:\/\/cirnef.normandie-univ.fr\/?page_id=2022\">Th\u00e8me 1<\/a> : \u00c9ducations inclusives et parcours des enfants et des jeunes (EIPEJ)<\/li>\n<li><a href=\"http:\/\/cirnef.normandie-univ.fr\/?page_id=2029\">Th\u00e8me 2<\/a> : Professionnalisations et professionnalit\u00e9s : espaces, temporalit\u00e9s et transformations<\/li>\n<li><a href=\"http:\/\/cirnef.normandie-univ.fr\/?page_id=2034\">Th\u00e8me 3<\/a> : Espaces sociaux, dispositifs et num\u00e9rique en \u00e9ducation et en formation (EDNEF)<\/li>\n<li><a href=\"http:\/\/cirnef.normandie-univ.fr\/?page_id=2038\">Th\u00e8me 4<\/a> : Savoirs, P\u00e9dagogies, Institutions, Didactiques (SPID)<\/li>\n<\/ul>\n<p>Il est dirig\u00e9 par <a href=\"http:\/\/cirnef.normandie-univ.fr\/?page_id=1475\" target=\"_blank\" rel=\"noopener\">Richard Wittorski<\/a> (Universit\u00e9 de Rouen Normandie) et <a href=\"https:\/\/cirnef.normandie-univ.fr\/?page_id=1448\" target=\"_blank\" rel=\"noopener\">\u00c9ric Saillot<\/a>\u00a0(Universit\u00e9 de Caen Normandie).<\/p>\n<figure><img decoding=\"async\" src=\"http:\/\/localhost\/cirnef_wp\/wp-content\/uploads\/2018\/11\/image.gif\" alt=\"\" \/><\/figure>\n\n","protected":false},"excerpt":{"rendered":"<p>Pr\u00e9sentation du laboratoire Le CIRNEF (Centre interdisciplinaire de Recherche Normand en Education et Formation) est une unit\u00e9 de recherche (UR 7454) en sciences de l&rsquo;\u00e9ducation (section 70 du CNU). Ce laboratoire est issu, au 1er janvier 2017, de la fusion du CERSE (Universit\u00e9 de Caen Normandie) et du CIVIIC (Universit\u00e9 de Rouen Normandie) : il &hellip;<\/p>\n<p class=\"read-more\"> <a class=\"\" href=\"https:\/\/cirnef.normandie-univ.fr\/?page_id=11\"> <span class=\"screen-reader-text\">Pr\u00e9sentation<\/span> Lire la suite \u00bb<\/a><\/p>\n","protected":false},"author":1,"featured_media":0,"parent":0,"menu_order":0,"comment_status":"closed","ping_status":"closed","template":"","meta":{"site-sidebar-layout":"default","site-content-layout":"default","ast-global-header-display":"","ast-main-header-display":"","ast-hfb-above-header-display":"","ast-hfb-below-header-display":"","ast-hfb-mobile-header-display":"","site-post-title":"","ast-breadcrumbs-content":"","ast-featured-img":"","footer-sml-layout":"","theme-transparent-header-meta":"","adv-header-id-meta":"","stick-header-meta":"","header-above-stick-meta":"","header-main-stick-meta":"","header-below-stick-meta":"","footnotes":""},"coauthors":[34],"class_list":["post-11","page","type-page","status-publish","hentry"],"_links":{"self":[{"href":"https:\/\/cirnef.normandie-univ.fr\/index.php?rest_route=\/wp\/v2\/pages\/11","targetHints":{"allow":["GET"]}}],"collection":[{"href":"https:\/\/cirnef.normandie-univ.fr\/index.php?rest_route=\/wp\/v2\/pages"}],"about":[{"href":"https:\/\/cirnef.normandie-univ.fr\/index.php?rest_route=\/wp\/v2\/types\/page"}],"author":[{"embeddable":true,"href":"https:\/\/cirnef.normandie-univ.fr\/index.php?rest_route=\/wp\/v2\/users\/1"}],"replies":[{"embeddable":true,"href":"https:\/\/cirnef.normandie-univ.fr\/index.php?rest_route=%2Fwp%2Fv2%2Fcomments&post=11"}],"version-history":[{"count":2,"href":"https:\/\/cirnef.normandie-univ.fr\/index.php?rest_route=\/wp\/v2\/pages\/11\/revisions"}],"predecessor-version":[{"id":8354,"href":"https:\/\/cirnef.normandie-univ.fr\/index.php?rest_route=\/wp\/v2\/pages\/11\/revisions\/8354"}],"wp:attachment":[{"href":"https:\/\/cirnef.normandie-univ.fr\/index.php?rest_route=%2Fwp%2Fv2%2Fmedia&parent=11"}],"wp:term":[{"taxonomy":"author","embeddable":true,"href":"https:\/\/cirnef.normandie-univ.fr\/index.php?rest_route=%2Fwp%2Fv2%2Fcoauthors&post=11"}],"curies":[{"name":"wp","href":"https:\/\/api.w.org\/{rel}","templated":true}]}}